{"id":8047,"date":"2022-10-13T10:13:49","date_gmt":"2022-10-13T10:13:49","guid":{"rendered":"https:\/\/globefarer.qodeinteractive.com\/gutenberg\/?page_id=8047"},"modified":"2023-05-02T09:29:10","modified_gmt":"2023-05-02T09:29:10","slug":"our-services","status":"publish","type":"page","link":"https:\/\/zumaktransport.ch\/?page_id=8047","title":{"rendered":"Angebot"},"content":{"rendered":"\t\t<div data-elementor-type=\"wp-page\" data-elementor-id=\"8047\" class=\"elementor elementor-8047\">\n\t\t\t\t<div class=\"elementor-element elementor-element-3b7300a e-flex e-con-boxed e-con e-parent\" data-id=\"3b7300a\" data-element_type=\"container\">\n\t\t\t\t\t<div class=\"e-con-inner\">\n\t\t\t\t<div class=\"elementor-element elementor-element-b5250a7 elementor-widget-divider--view-line elementor-widget elementor-widget-divider\" data-id=\"b5250a7\" data-element_type=\"widget\" data-widget_type=\"divider.default\">\n\t\t\t\t<div class=\"elementor-widget-container\">\n\t\t\t\t\t\t\t<div class=\"elementor-divider\">\n\t\t\t<span class=\"elementor-divider-separator\">\n\t\t\t\t\t\t<\/span>\n\t\t<\/div>\n\t\t\t\t\t\t<\/div>\n\t\t\t\t<\/div>\n\t\t\t\t\t<\/div>\n\t\t\t\t<\/div>\n\t\t<div class=\"elementor-element elementor-element-a45ff5b e-flex e-con-boxed e-con e-parent\" data-id=\"a45ff5b\" data-element_type=\"container\">\n\t\t\t\t\t<div class=\"e-con-inner\">\n\t\t\t\t<div class=\"elementor-element elementor-element-f3854f9 elementor-widget elementor-widget-heading\" data-id=\"f3854f9\" data-element_type=\"widget\" data-widget_type=\"heading.default\">\n\t\t\t\t<div class=\"elementor-widget-container\">\n\t\t\t\t\t<h2 class=\"elementor-heading-title elementor-size-default\">WIR SIND BEREIT F\u00dcR EINE PARTNERSCHAFT<\/h2>\t\t\t\t<\/div>\n\t\t\t\t<\/div>\n\t\t\t\t\t<\/div>\n\t\t\t\t<\/div>\n\t\t<div class=\"elementor-element elementor-element-9143a40 e-flex e-con-boxed e-con e-parent\" data-id=\"9143a40\" data-element_type=\"container\">\n\t\t\t\t\t<div class=\"e-con-inner\">\n\t\t\t\t<div class=\"elementor-element elementor-element-2cea0ec elementor-widget elementor-widget-text-editor\" data-id=\"2cea0ec\" data-element_type=\"widget\" data-widget_type=\"text-editor.default\">\n\t\t\t\t<div class=\"elementor-widget-container\">\n\t\t\t\t\t\t\t\t\t<div id=\"comp-kwhy9u341\" class=\"BaOVQ8 tz5f0K comp-kwhy9u341 wixui-rich-text\" data-testid=\"richTextElement\"><section id=\"comp-kwhrngow1\" class=\"comp-kwhrngow1 CohWsy wixui-column-strip\"><div class=\"V5AUxf\" data-testid=\"columns\"><div id=\"comp-kwhrngoy2\" class=\"comp-kwhrngoy2 YzqVVZ wixui-column-strip__column\"><div class=\"\" data-mesh-id=\"comp-kwhrngoy2inlineContent\" data-testid=\"inline-content\"><div data-mesh-id=\"comp-kwhrngoy2inlineContent-gridContainer\" data-testid=\"mesh-container-content\"><div id=\"comp-kwhrngp01\" class=\"BaOVQ8 tz5f0K comp-kwhrngp01 wixui-rich-text\" data-testid=\"richTextElement\">\u00a0<\/div><\/div><\/div><\/div><\/div><\/section><section id=\"comp-kwhrngp2\" class=\"comp-kwhrngp2 CohWsy wixui-column-strip\"><div class=\"V5AUxf\" data-testid=\"columns\"><div id=\"comp-kwhrngp4\" class=\"comp-kwhrngp4 YzqVVZ wixui-column-strip__column\"><div id=\"bgLayers_comp-kwhrngp4\" class=\"MW5IWV\" data-hook=\"bgLayers\"><div id=\"bgMedia_comp-kwhrngp4\" class=\"VgO9Yg\">Wir holen Ihre Sendung nicht nur bei Ihnen zu Hause ab, wir nehmen uns auch die Zeit, f\u00fcr den unmittelbaren Austausch mit Ihnen. Wir behandeln Ihre Sendung mit grosser Sorgfalt und k\u00fcmmern uns darum, dass Ihre Sendungen dem Empf\u00e4nger pers\u00f6nlich \u00fcbergeben werden. Falls dies einmal nicht m\u00f6glich sein sollte, kl\u00e4ren wir mit Ihnen gemeinsam ab, wie wir fortfahren sollen. Daf\u00fcr haben wir die passenden Fahrzeuge f\u00fcr jeden Transport.<\/div><\/div><\/div><\/div><\/section><\/div>\t\t\t\t\t\t\t\t<\/div>\n\t\t\t\t<\/div>\n\t\t\t\t\t<\/div>\n\t\t\t\t<\/div>\n\t\t\t\t<section class=\"elementor-section elementor-top-section elementor-element elementor-element-7fc3498 elementor-section-full_width qodef-elementor-content-grid elementor-section-height-default elementor-section-height-default\" data-id=\"7fc3498\" data-element_type=\"section\" data-settings=\"{&quot;background_background&quot;:&quot;classic&quot;}\">\n\t\t\t\t\t\t<div class=\"elementor-container elementor-column-gap-no\">\n\t\t\t\t\t<div class=\"elementor-column elementor-col-100 elementor-top-column elementor-element elementor-element-81c4909\" data-id=\"81c4909\" data-element_type=\"column\">\n\t\t\t<div class=\"elementor-widget-wrap elementor-element-populated\">\n\t\t\t\t\t\t<div class=\"elementor-element elementor-element-d1ca59d elementor-widget elementor-widget-globefarer_core_divided_image_info\" data-id=\"d1ca59d\" data-element_type=\"widget\" data-widget_type=\"globefarer_core_divided_image_info.default\">\n\t\t\t\t<div class=\"elementor-widget-container\">\n\t\t\t\t\t<div class=\"qodef-shortcode qodef-m  qodef-divided-image-info qodef-layout--image-left qodef-separator--on qodef-vertically-centered--on qodef-breakpoint--1024 qodef-appear-animation--no \">\n\t\t<div class=\"qodef-m-image\" style=\"width: 51.5%;padding-right: 3%\">\n\t\t<img fetchpriority=\"high\" decoding=\"async\" width=\"2048\" height=\"1365\" src=\"https:\/\/zumaktransport.ch\/wp-content\/uploads\/2023\/02\/zumak.LAV_.jpg\" class=\"attachment-full size-full\" alt=\"\" srcset=\"https:\/\/zumaktransport.ch\/wp-content\/uploads\/2023\/02\/zumak.LAV_.jpg 2048w, https:\/\/zumaktransport.ch\/wp-content\/uploads\/2023\/02\/zumak.LAV_-300x200.jpg 300w, https:\/\/zumaktransport.ch\/wp-content\/uploads\/2023\/02\/zumak.LAV_-1024x683.jpg 1024w, https:\/\/zumaktransport.ch\/wp-content\/uploads\/2023\/02\/zumak.LAV_-768x512.jpg 768w, https:\/\/zumaktransport.ch\/wp-content\/uploads\/2023\/02\/zumak.LAV_-1536x1024.jpg 1536w\" sizes=\"(max-width: 2048px) 100vw, 2048px\" \/>\t<\/div>\n<div class=\"qodef-m-content\" style=\"margin-top: 0px;padding-left: 4%\">\n\t\t\t<h2 itemprop=\"name\" class=\"qodef-m-title\" style=\"margin-bottom: 29px\">\n\tLieferwagen\t<\/h2>\n\t<p class=\"qodef-m-text\" >\n\t\tKURIERDIENST |\nWir erledigen Ihre Kurierfahrten p\u00fcnktlich und zuverl\u00e4ssig\t<\/p>\n<\/div>\n<\/div>\n\t\t\t\t<\/div>\n\t\t\t\t<\/div>\n\t\t\t\t<div class=\"elementor-element elementor-element-090ca30 elementor-widget elementor-widget-globefarer_core_divided_image_info\" data-id=\"090ca30\" data-element_type=\"widget\" data-widget_type=\"globefarer_core_divided_image_info.default\">\n\t\t\t\t<div class=\"elementor-widget-container\">\n\t\t\t\t\t<div class=\"qodef-shortcode qodef-m  qodef-divided-image-info qodef-layout--image-left qodef-separator--on qodef-vertically-centered--on qodef-breakpoint--1024 qodef-appear-animation--no \">\n\t\t<div class=\"qodef-m-image\" style=\"width: 51.5%;padding-right: 3%\">\n\t\t<img decoding=\"async\" width=\"2048\" height=\"967\" src=\"https:\/\/zumaktransport.ch\/wp-content\/uploads\/2023\/02\/velooo3.jpg\" class=\"attachment-full size-full\" alt=\"\" srcset=\"https:\/\/zumaktransport.ch\/wp-content\/uploads\/2023\/02\/velooo3.jpg 2048w, https:\/\/zumaktransport.ch\/wp-content\/uploads\/2023\/02\/velooo3-300x142.jpg 300w, https:\/\/zumaktransport.ch\/wp-content\/uploads\/2023\/02\/velooo3-1024x484.jpg 1024w, https:\/\/zumaktransport.ch\/wp-content\/uploads\/2023\/02\/velooo3-768x363.jpg 768w, https:\/\/zumaktransport.ch\/wp-content\/uploads\/2023\/02\/velooo3-1536x725.jpg 1536w\" sizes=\"(max-width: 2048px) 100vw, 2048px\" \/>\t<\/div>\n<div class=\"qodef-m-content\" style=\"margin-top: 0px;padding-left: 4%\">\n\t\t\t<h2 itemprop=\"name\" class=\"qodef-m-title\" style=\"margin-bottom: 29px\">\n\tVelo\t<\/h2>\n\t<p class=\"qodef-m-text\" >\n\t\tKLEINTRANSPORTE |\n\nJe nach Bedarf, verwenden wir unsere Velo oder ein Motorrad.\t<\/p>\n<\/div>\n<\/div>\n\t\t\t\t<\/div>\n\t\t\t\t<\/div>\n\t\t\t\t<div class=\"elementor-element elementor-element-a316cdc elementor-widget elementor-widget-globefarer_core_divided_image_info\" data-id=\"a316cdc\" data-element_type=\"widget\" data-widget_type=\"globefarer_core_divided_image_info.default\">\n\t\t\t\t<div class=\"elementor-widget-container\">\n\t\t\t\t\t<div class=\"qodef-shortcode qodef-m  qodef-divided-image-info qodef-layout--image-left qodef-separator--on qodef-vertically-centered--on qodef-breakpoint--1024 qodef-appear-animation--no \">\n\t\t<div class=\"qodef-m-image\" style=\"width: 51.5%;padding-right: 3%\">\n\t\t<img decoding=\"async\" width=\"2048\" height=\"967\" src=\"https:\/\/zumaktransport.ch\/wp-content\/uploads\/2023\/02\/velo.jpg\" class=\"attachment-full size-full\" alt=\"\" srcset=\"https:\/\/zumaktransport.ch\/wp-content\/uploads\/2023\/02\/velo.jpg 2048w, https:\/\/zumaktransport.ch\/wp-content\/uploads\/2023\/02\/velo-300x142.jpg 300w, https:\/\/zumaktransport.ch\/wp-content\/uploads\/2023\/02\/velo-1024x484.jpg 1024w, https:\/\/zumaktransport.ch\/wp-content\/uploads\/2023\/02\/velo-768x363.jpg 768w, https:\/\/zumaktransport.ch\/wp-content\/uploads\/2023\/02\/velo-1536x725.jpg 1536w\" sizes=\"(max-width: 2048px) 100vw, 2048px\" \/>\t<\/div>\n<div class=\"qodef-m-content\" style=\"margin-top: 0px;padding-left: 4%\">\n\t\t\t<h2 itemprop=\"name\" class=\"qodef-m-title\" style=\"margin-bottom: 29px\">\n\tMotorrad\t<\/h2>\n\t<p class=\"qodef-m-text\" >\n\t\tEXPRESS -TRANSPORTE |\n\nWertvolle Dokumente, Eilsendungen, wichtige Pakete und noch vieles Weiteres.\t<\/p>\n<\/div>\n<\/div>\n\t\t\t\t<\/div>\n\t\t\t\t<\/div>\n\t\t\t\t<div class=\"elementor-element elementor-element-6aa73b2 elementor-widget elementor-widget-globefarer_core_divided_image_info\" data-id=\"6aa73b2\" data-element_type=\"widget\" data-widget_type=\"globefarer_core_divided_image_info.default\">\n\t\t\t\t<div class=\"elementor-widget-container\">\n\t\t\t\t\t<div class=\"qodef-shortcode qodef-m  qodef-divided-image-info qodef-layout--image-left qodef-separator--on qodef-vertically-centered--on qodef-breakpoint--1024 qodef-appear-animation--no \">\n\t\t<div class=\"qodef-m-image\" style=\"width: 51.5%;padding-right: 3%\">\n\t\t<img loading=\"lazy\" decoding=\"async\" width=\"2048\" height=\"967\" src=\"https:\/\/zumaktransport.ch\/wp-content\/uploads\/2023\/02\/palett.jpg\" class=\"attachment-full size-full\" alt=\"\" srcset=\"https:\/\/zumaktransport.ch\/wp-content\/uploads\/2023\/02\/palett.jpg 2048w, https:\/\/zumaktransport.ch\/wp-content\/uploads\/2023\/02\/palett-300x142.jpg 300w, https:\/\/zumaktransport.ch\/wp-content\/uploads\/2023\/02\/palett-1024x484.jpg 1024w, https:\/\/zumaktransport.ch\/wp-content\/uploads\/2023\/02\/palett-768x363.jpg 768w, https:\/\/zumaktransport.ch\/wp-content\/uploads\/2023\/02\/palett-1536x725.jpg 1536w\" sizes=\"(max-width: 2048px) 100vw, 2048px\" \/>\t<\/div>\n<div class=\"qodef-m-content\" style=\"margin-top: 0px;padding-left: 4%\">\n\t\t\t<h2 itemprop=\"name\" class=\"qodef-m-title\" style=\"margin-bottom: 29px\">\n\tPARTNERSCHAFT\t<\/h2>\n\t<p class=\"qodef-m-text\" >\n\t\tWir sind die ideale L\u00f6sung f\u00fcr eine langj\u00e4hrige Partnerschaft mit Ihrem Unternehmen\n\n\t<\/p>\n<\/div>\n<\/div>\n\t\t\t\t<\/div>\n\t\t\t\t<\/div>\n\t\t\t\t\t<\/div>\n\t\t<\/div>\n\t\t\t\t\t<\/div>\n\t\t<\/section>\n\t\t<div class=\"elementor-element elementor-element-2793b62 e-flex e-con-boxed e-con e-parent\" data-id=\"2793b62\" data-element_type=\"container\">\n\t\t\t\t\t<div class=\"e-con-inner\">\n\t\t\t\t<div class=\"elementor-element elementor-element-f04f83c elementor-widget elementor-widget-heading\" data-id=\"f04f83c\" data-element_type=\"widget\" data-widget_type=\"heading.default\">\n\t\t\t\t<div class=\"elementor-widget-container\">\n\t\t\t\t\t<h2 class=\"elementor-heading-title elementor-size-default\">DAS PASSENDE FAHRZEUG F\u00dcR JEDEN TRANSPORT<\/h2>\t\t\t\t<\/div>\n\t\t\t\t<\/div>\n\t\t\t\t\t<\/div>\n\t\t\t\t<\/div>\n\t\t<div class=\"elementor-element elementor-element-d8de383 e-flex e-con-boxed e-con e-parent\" data-id=\"d8de383\" data-element_type=\"container\">\n\t\t\t\t\t<div class=\"e-con-inner\">\n\t\t\t\t<div class=\"elementor-element elementor-element-bc13a1d elementor-widget elementor-widget-text-editor\" data-id=\"bc13a1d\" data-element_type=\"widget\" data-widget_type=\"text-editor.default\">\n\t\t\t\t<div class=\"elementor-widget-container\">\n\t\t\t\t\t\t\t\t\t<p>Ganz egal, ob Sie einen kleinen oder grossen Transport haben, bei uns finden Sie die passende L\u00f6sung. Unser Lieferwagen steht bereit und bietet optimalen Platz, um Ihr Transportgut von A nach B zu liefern. Darf der Transport etwas gr\u00f6sser sein? Sehr gerne. Unser kleiner LKW steht Ihnen hierf\u00fcr zur Verf\u00fcgung. Unten aufgef\u00fchrt finden Sie noch genauere Angaben zu den Fahrzeugen<\/p>\t\t\t\t\t\t\t\t<\/div>\n\t\t\t\t<\/div>\n\t\t\t\t\t<\/div>\n\t\t\t\t<\/div>\n\t\t\t\t<\/div>\n\t\t","protected":false},"excerpt":{"rendered":"<p>WIR SIND BEREIT F\u00dcR EINE PARTNERSCHAFT \u00a0 Wir holen Ihre Sendung nicht nur bei Ihnen zu Hause ab, wir nehmen uns auch die Zeit, f\u00fcr den unmittelbaren Austausch mit Ihnen. Wir behandeln Ihre Sendung mit grosser Sorgfalt und k\u00fcmmern uns darum, dass Ihre Sendungen dem Empf\u00e4nger pers\u00f6nlich \u00fcbergeben werden. Falls dies einmal nicht m\u00f6glich sein [&hellip;]<\/p>\n","protected":false},"author":1,"featured_media":0,"parent":0,"menu_order":0,"comment_status":"closed","ping_status":"closed","template":"page-full-width.php","meta":{"footnotes":""},"class_list":["post-8047","page","type-page","status-publish","hentry"],"_links":{"self":[{"href":"https:\/\/zumaktransport.ch\/index.php?rest_route=\/wp\/v2\/pages\/8047","targetHints":{"allow":["GET"]}}],"collection":[{"href":"https:\/\/zumaktransport.ch\/index.php?rest_route=\/wp\/v2\/pages"}],"about":[{"href":"https:\/\/zumaktransport.ch\/index.php?rest_route=\/wp\/v2\/types\/page"}],"author":[{"embeddable":true,"href":"https:\/\/zumaktransport.ch\/index.php?rest_route=\/wp\/v2\/users\/1"}],"replies":[{"embeddable":true,"href":"https:\/\/zumaktransport.ch\/index.php?rest_route=%2Fwp%2Fv2%2Fcomments&post=8047"}],"version-history":[{"count":104,"href":"https:\/\/zumaktransport.ch\/index.php?rest_route=\/wp\/v2\/pages\/8047\/revisions"}],"predecessor-version":[{"id":8596,"href":"https:\/\/zumaktransport.ch\/index.php?rest_route=\/wp\/v2\/pages\/8047\/revisions\/8596"}],"wp:attachment":[{"href":"https:\/\/zumaktransport.ch\/index.php?rest_route=%2Fwp%2Fv2%2Fmedia&parent=8047"}],"curies":[{"name":"wp","href":"https:\/\/api.w.org\/{rel}","templated":true}]}}