{"id":7964,"date":"2022-10-12T14:05:21","date_gmt":"2022-10-12T14:05:21","guid":{"rendered":"https:\/\/globefarer.qodeinteractive.com\/gutenberg\/?page_id=7964"},"modified":"2023-04-28T13:03:31","modified_gmt":"2023-04-28T13:03:31","slug":"about-us","status":"publish","type":"page","link":"https:\/\/zumaktransport.ch\/?page_id=7964","title":{"rendered":"\u00dcber uns"},"content":{"rendered":"\t\t<div data-elementor-type=\"wp-page\" data-elementor-id=\"7964\" class=\"elementor elementor-7964\">\n\t\t\t\t\t\t<section class=\"elementor-section elementor-top-section elementor-element elementor-element-6126ec6 elementor-section-full_width qodef-elementor-content-grid elementor-section-height-default elementor-section-height-default\" data-id=\"6126ec6\" data-element_type=\"section\" data-settings=\"{&quot;background_background&quot;:&quot;classic&quot;}\">\n\t\t\t\t\t\t<div class=\"elementor-container elementor-column-gap-no\">\n\t\t\t\t\t<div class=\"elementor-column elementor-col-100 elementor-top-column elementor-element elementor-element-111948d\" data-id=\"111948d\" data-element_type=\"column\">\n\t\t\t<div class=\"elementor-widget-wrap elementor-element-populated\">\n\t\t\t\t\t\t<div class=\"elementor-element elementor-element-d1b2694 elementor-widget elementor-widget-globefarer_core_divided_image_info\" data-id=\"d1b2694\" data-element_type=\"widget\" data-widget_type=\"globefarer_core_divided_image_info.default\">\n\t\t\t\t<div class=\"elementor-widget-container\">\n\t\t\t\t\t<div class=\"qodef-shortcode qodef-m  qodef-divided-image-info qodef-layout--image-right qodef-separator--on qodef-vertically-centered--on qodef-breakpoint--1024 qodef-appear-animation--no \">\n\t<div class=\"qodef-m-content\" style=\"margin-top: 0px;padding-left: 0px;padding-right: 4%\">\n\t\t\t<h2 itemprop=\"name\" class=\"qodef-m-title\" style=\"margin-bottom: 29px\">\n\tWerte, die uns wichtig sind:\t<\/h2>\n\t<p class=\"qodef-m-text\" >\n\t\tAnders als die g\u00e4ngigen Kurierdienste und Speditionen, streben wir besondere Leistungen an, die sich merklich vom Markt unterscheiden und haben hierf\u00fcr unser Motto gesetzt: schnellstm\u00f6gliche Abholung sowie Express Lieferung zum besten Preis am Markt.\t<\/p>\n<\/div>\n<\/div>\n\t\t\t\t<\/div>\n\t\t\t\t<\/div>\n\t\t\t\t<div class=\"elementor-element elementor-element-0515005 elementor-widget elementor-widget-globefarer_core_divided_image_info\" data-id=\"0515005\" data-element_type=\"widget\" data-widget_type=\"globefarer_core_divided_image_info.default\">\n\t\t\t\t<div class=\"elementor-widget-container\">\n\t\t\t\t\t<div class=\"qodef-shortcode qodef-m  qodef-divided-image-info qodef-layout--image-right qodef-separator--on qodef-vertically-centered--on qodef-breakpoint--1024 qodef-appear-animation--no \">\n\t<div class=\"qodef-m-content\" style=\"margin-top: 0px;padding-left: 0px;padding-right: 4%\">\n\t\t\t<h2 itemprop=\"name\" class=\"qodef-m-title\" style=\"margin-bottom: 29px\">\n\tProfessionalit\u00e4t, wie man sie erwartet\t<\/h2>\n\t<p class=\"qodef-m-text\" >\n\t\tHerausragenden Service in Sachen Express Transport Ihrer G\u00fcter er\u00f6ffnet Ihnen der Vollzeit-Service, der, unabh\u00e4ngig von unserem Online-Service, unter Tel.: +4144 832 6789 an 365 Tagen Tag und Nacht f\u00fcr Sie erreichbar ist.\t<\/p>\n<\/div>\n<\/div>\n\t\t\t\t<\/div>\n\t\t\t\t<\/div>\n\t\t\t\t<div class=\"elementor-element elementor-element-1369773 elementor-widget elementor-widget-globefarer_core_divided_image_info\" data-id=\"1369773\" data-element_type=\"widget\" data-widget_type=\"globefarer_core_divided_image_info.default\">\n\t\t\t\t<div class=\"elementor-widget-container\">\n\t\t\t\t\t<div class=\"qodef-shortcode qodef-m  qodef-divided-image-info qodef-layout--image-right qodef-separator--on qodef-vertically-centered--on qodef-breakpoint--1024 qodef-appear-animation--no \">\n\t<div class=\"qodef-m-content\" style=\"margin-top: 0px;padding-left: 0px;padding-right: 4%\">\n\t\t\t<h2 itemprop=\"name\" class=\"qodef-m-title\" style=\"margin-bottom: 29px\">\n\tGarantiert g\u00fcnstige Preise\t<\/h2>\n\t<p class=\"qodef-m-text\" >\n\t\tJederzeit bietet Zumak Transport Kurierdienst seinen Kunden die g\u00fcnstigsten Marktpreise f\u00fcr alle Express Lieferungen. Sie haben einen vorteilhafteren Preisvorschlag f\u00fcr den gew\u00fcnschten Express Transport? Schicken Sie ihn zu uns, sicher findet  Zumak Transport eine entsprechende L\u00f6sung f\u00fcr die Durchf\u00fchrung Ihrer Sonderfahrt.\t<\/p>\n<\/div>\n<\/div>\n\t\t\t\t<\/div>\n\t\t\t\t<\/div>\n\t\t\t\t<div class=\"elementor-element elementor-element-8c0f590 elementor-widget elementor-widget-globefarer_core_divided_image_info\" data-id=\"8c0f590\" data-element_type=\"widget\" data-widget_type=\"globefarer_core_divided_image_info.default\">\n\t\t\t\t<div class=\"elementor-widget-container\">\n\t\t\t\t\t<div class=\"qodef-shortcode qodef-m  qodef-divided-image-info qodef-layout--image-right qodef-separator--on qodef-vertically-centered--on qodef-breakpoint--1024 qodef-appear-animation--no \">\n\t<div class=\"qodef-m-content\" style=\"margin-top: 0px;padding-left: 0px;padding-right: 4%\">\n\t\t\t<h2 itemprop=\"name\" class=\"qodef-m-title\" style=\"margin-bottom: 29px\">\n\tZuverl\u00e4ssigkeit, wie man sie sucht\t<\/h2>\n\t<p class=\"qodef-m-text\" >\n\t\tJedwede Express Lieferung ist bei Zumak Transport gut aufgehoben. Unsere zuverl\u00e4ssigen und erfahrenen Transportpartner und unsere eingeschlossene Transportversicherung leisten einen wesentlichen Beitrag.\t<\/p>\n<\/div>\n<\/div>\n\t\t\t\t<\/div>\n\t\t\t\t<\/div>\n\t\t\t\t<div class=\"elementor-element elementor-element-a725d2d elementor-widget elementor-widget-globefarer_core_divided_image_info\" data-id=\"a725d2d\" data-element_type=\"widget\" data-widget_type=\"globefarer_core_divided_image_info.default\">\n\t\t\t\t<div class=\"elementor-widget-container\">\n\t\t\t\t\t<div class=\"qodef-shortcode qodef-m  qodef-divided-image-info qodef-layout--image-right qodef-separator--on qodef-vertically-centered--on qodef-breakpoint--1024 qodef-appear-animation--no \">\n\t<div class=\"qodef-m-content\" style=\"margin-top: 0px;padding-left: 0px;padding-right: 4%\">\n\t\t\t<h2 itemprop=\"name\" class=\"qodef-m-title\" style=\"margin-bottom: 29px\">\n\tUnsere Zukunftsvision\t<\/h2>\n\t<p class=\"qodef-m-text\" >\n\t\t\nDie Erf\u00fcllung aller Kundenw\u00fcnsche bei gleichzeitig st\u00e4ndiger Verbesserung unseres Service in puncto Transportaufgaben sind unser wichtigstes Anliegen. Die t\u00e4glichen Herausforderungen sind uns ein Ansporn in Sachen Express Transporte.\t<\/p>\n<\/div>\n<\/div>\n\t\t\t\t<\/div>\n\t\t\t\t<\/div>\n\t\t\t\t\t<\/div>\n\t\t<\/div>\n\t\t\t\t\t<\/div>\n\t\t<\/section>\n\t\t\t\t<section class=\"elementor-section elementor-top-section elementor-element elementor-element-a70f5ba elementor-section-full_width qodef-elementor-content-grid qodef-custom-cursor-section elementor-section-height-default elementor-section-height-default\" data-id=\"a70f5ba\" data-element_type=\"section\" data-settings=\"{&quot;background_background&quot;:&quot;classic&quot;}\">\n\t\t\t\t\t\t<div class=\"elementor-container elementor-column-gap-no\">\n\t\t\t\t\t<div class=\"elementor-column elementor-col-25 elementor-top-column elementor-element elementor-element-5add050\" data-id=\"5add050\" data-element_type=\"column\">\n\t\t\t<div class=\"elementor-widget-wrap elementor-element-populated\">\n\t\t\t\t\t\t<div class=\"elementor-element elementor-element-d37e5c5 elementor-widget elementor-widget-globefarer_core_counter\" data-id=\"d37e5c5\" data-element_type=\"widget\" data-widget_type=\"globefarer_core_counter.default\">\n\t\t\t\t<div class=\"elementor-widget-container\">\n\t\t\t\t\t<div class=\"qodef-shortcode qodef-m  qodef-counter qodef-layout--simple\" data-start-digit=\"3\" data-end-digit=\"2500\" data-step-digit=\"100\" data-step-delay=\"60\" style=\"border-left: 1px solid;border-color: #1B1B1B;padding-left: 40px\">\n\t<div class=\"qodef-m-content\">\n\t\t\t<h6 class=\"qodef-m-title\" >\n\t\t\t\t\tDelivered Packages\t\t\t<\/h6>\n\t\t\t<\/div>\n\t<div class=\"qodef-m-digit-wrapper\">\n\t\t<span class=\"qodef-m-digit\" ><\/span>\n\t<\/div>\n<\/div>\n\t\t\t\t<\/div>\n\t\t\t\t<\/div>\n\t\t\t\t\t<\/div>\n\t\t<\/div>\n\t\t\t\t<div class=\"elementor-column elementor-col-25 elementor-top-column elementor-element elementor-element-0b0f330\" data-id=\"0b0f330\" data-element_type=\"column\">\n\t\t\t<div class=\"elementor-widget-wrap elementor-element-populated\">\n\t\t\t\t\t\t<div class=\"elementor-element elementor-element-4bfd6f2 elementor-widget elementor-widget-globefarer_core_counter\" data-id=\"4bfd6f2\" data-element_type=\"widget\" data-widget_type=\"globefarer_core_counter.default\">\n\t\t\t\t<div class=\"elementor-widget-container\">\n\t\t\t\t\t<div class=\"qodef-shortcode qodef-m  qodef-counter qodef-layout--simple\" data-start-digit=\"3\" data-end-digit=\"5348\" data-step-digit=\"100\" data-step-delay=\"60\" style=\"border-left: 1px solid;border-color: #1B1B1B;padding-left: 40px\">\n\t<div class=\"qodef-m-content\">\n\t\t\t<h6 class=\"qodef-m-title\" >\n\t\t\t\t\tKM Per Month\t\t\t<\/h6>\n\t\t\t<\/div>\n\t<div class=\"qodef-m-digit-wrapper\">\n\t\t<span class=\"qodef-m-digit\" ><\/span>\n\t<\/div>\n<\/div>\n\t\t\t\t<\/div>\n\t\t\t\t<\/div>\n\t\t\t\t\t<\/div>\n\t\t<\/div>\n\t\t\t\t<div class=\"elementor-column elementor-col-25 elementor-top-column elementor-element elementor-element-dc3d413\" data-id=\"dc3d413\" data-element_type=\"column\">\n\t\t\t<div class=\"elementor-widget-wrap elementor-element-populated\">\n\t\t\t\t\t\t<div class=\"elementor-element elementor-element-cd442eb elementor-widget elementor-widget-globefarer_core_counter\" data-id=\"cd442eb\" data-element_type=\"widget\" data-widget_type=\"globefarer_core_counter.default\">\n\t\t\t\t<div class=\"elementor-widget-container\">\n\t\t\t\t\t<div class=\"qodef-shortcode qodef-m  qodef-counter qodef-layout--simple\" data-start-digit=\"3\" data-end-digit=\"3200\" data-step-digit=\"120\" data-step-delay=\"60\" style=\"border-left: 1px solid;border-color: #1B1B1B;padding-left: 40px\">\n\t<div class=\"qodef-m-content\">\n\t\t\t<h6 class=\"qodef-m-title\" >\n\t\t\t\t\tTons Of Goods\t\t\t<\/h6>\n\t\t\t<\/div>\n\t<div class=\"qodef-m-digit-wrapper\">\n\t\t<span class=\"qodef-m-digit\" ><\/span>\n\t<\/div>\n<\/div>\n\t\t\t\t<\/div>\n\t\t\t\t<\/div>\n\t\t\t\t\t<\/div>\n\t\t<\/div>\n\t\t\t\t<div class=\"elementor-column elementor-col-25 elementor-top-column elementor-element elementor-element-1349140\" data-id=\"1349140\" data-element_type=\"column\">\n\t\t\t<div class=\"elementor-widget-wrap elementor-element-populated\">\n\t\t\t\t\t\t<div class=\"elementor-element elementor-element-180d238 elementor-widget elementor-widget-globefarer_core_counter\" data-id=\"180d238\" data-element_type=\"widget\" data-widget_type=\"globefarer_core_counter.default\">\n\t\t\t\t<div class=\"elementor-widget-container\">\n\t\t\t\t\t<div class=\"qodef-shortcode qodef-m  qodef-counter qodef-layout--simple\" data-start-digit=\"3\" data-end-digit=\"1500\" data-step-digit=\"90\" data-step-delay=\"60\" style=\"border-left: 1px solid;border-color: #1B1B1B;padding-left: 40px\">\n\t<div class=\"qodef-m-content\">\n\t\t\t<h6 class=\"qodef-m-title\" >\n\t\t\t\t\tSatisfied Clients\t\t\t<\/h6>\n\t\t\t<\/div>\n\t<div class=\"qodef-m-digit-wrapper\">\n\t\t<span class=\"qodef-m-digit\" ><\/span>\n\t<\/div>\n<\/div>\n\t\t\t\t<\/div>\n\t\t\t\t<\/div>\n\t\t\t\t\t<\/div>\n\t\t<\/div>\n\t\t\t\t\t<\/div>\n\t\t<\/section>\n\t\t\t\t<\/div>\n\t\t","protected":false},"excerpt":{"rendered":"<p>Werte, die uns wichtig sind: Anders als die g\u00e4ngigen Kurierdienste und Speditionen, streben wir besondere Leistungen an, die sich merklich vom Markt unterscheiden und haben hierf\u00fcr unser Motto gesetzt: schnellstm\u00f6gliche Abholung sowie Express Lieferung zum besten Preis am Markt. Professionalit\u00e4t, wie man sie erwartet Herausragenden Service in Sachen Express Transport Ihrer G\u00fcter er\u00f6ffnet Ihnen der [&hellip;]<\/p>\n","protected":false},"author":1,"featured_media":0,"parent":0,"menu_order":0,"comment_status":"closed","ping_status":"closed","template":"page-full-width.php","meta":{"footnotes":""},"class_list":["post-7964","page","type-page","status-publish","hentry"],"_links":{"self":[{"href":"https:\/\/zumaktransport.ch\/index.php?rest_route=\/wp\/v2\/pages\/7964","targetHints":{"allow":["GET"]}}],"collection":[{"href":"https:\/\/zumaktransport.ch\/index.php?rest_route=\/wp\/v2\/pages"}],"about":[{"href":"https:\/\/zumaktransport.ch\/index.php?rest_route=\/wp\/v2\/types\/page"}],"author":[{"embeddable":true,"href":"https:\/\/zumaktransport.ch\/index.php?rest_route=\/wp\/v2\/users\/1"}],"replies":[{"embeddable":true,"href":"https:\/\/zumaktransport.ch\/index.php?rest_route=%2Fwp%2Fv2%2Fcomments&post=7964"}],"version-history":[{"count":26,"href":"https:\/\/zumaktransport.ch\/index.php?rest_route=\/wp\/v2\/pages\/7964\/revisions"}],"predecessor-version":[{"id":8553,"href":"https:\/\/zumaktransport.ch\/index.php?rest_route=\/wp\/v2\/pages\/7964\/revisions\/8553"}],"wp:attachment":[{"href":"https:\/\/zumaktransport.ch\/index.php?rest_route=%2Fwp%2Fv2%2Fmedia&parent=7964"}],"curies":[{"name":"wp","href":"https:\/\/api.w.org\/{rel}","templated":true}]}}